{"id":2601,"date":"2019-05-20T06:26:48","date_gmt":"2019-05-20T06:26:48","guid":{"rendered":"https:\/\/motors.stylemixthemes.com\/?page_id=2601"},"modified":"2019-05-20T06:26:48","modified_gmt":"2019-05-20T06:26:48","slug":"login-register","status":"publish","type":"page","link":"https:\/\/goldencarveiculos.com.br\/index.php\/login-register\/","title":{"rendered":"Login\/Register"},"content":{"rendered":"<p>[vc_row][vc_column][stm_login_register][\/vc_column][\/vc_row]<\/p>\n","protected":false},"excerpt":{"rendered":"<p>[vc_row][vc_column][stm_login_register][\/vc_column][\/vc_row]<\/p>\n","protected":false},"author":1,"featured_media":0,"parent":0,"menu_order":0,"comment_status":"closed","ping_status":"closed","template":"","meta":[],"yoast_head":"<!-- This site is optimized with the Yoast SEO plugin v21.8 - https:\/\/yoast.com\/wordpress\/plugins\/seo\/ -->\n<title>Login\/Register - GOLDENCAR VE\u00cdCULOS<\/title>\n<meta name=\"robots\" content=\"index, follow, max-snippet:-1, max-image-preview:large, max-video-preview:-1\" \/>\n<link rel=\"canonical\" href=\"https:\/\/goldencarveiculos.com.br\/index.php\/login-register\/\" \/>\n<meta property=\"og:locale\" content=\"pt_BR\" \/>\n<meta property=\"og:type\" content=\"article\" \/>\n<meta property=\"og:title\" content=\"Login\/Register - GOLDENCAR VE\u00cdCULOS\" \/>\n<meta property=\"og:description\" content=\"[vc_row][vc_column][stm_login_register][\/vc_column][\/vc_row]\" \/>\n<meta property=\"og:url\" content=\"https:\/\/goldencarveiculos.com.br\/index.php\/login-register\/\" \/>\n<meta property=\"og:site_name\" content=\"GOLDENCAR VE\u00cdCULOS\" \/>\n<meta name=\"twitter:card\" content=\"summary_large_image\" \/>\n<script type=\"application\/ld+json\" class=\"yoast-schema-graph\">{\"@context\":\"https:\/\/schema.org\",\"@graph\":[{\"@type\":\"WebPage\",\"@id\":\"https:\/\/goldencarveiculos.com.br\/index.php\/login-register\/\",\"url\":\"https:\/\/goldencarveiculos.com.br\/index.php\/login-register\/\",\"name\":\"Login\/Register - GOLDENCAR VE\u00cdCULOS\",\"isPartOf\":{\"@id\":\"https:\/\/goldencarveiculos.com.br\/#website\"},\"datePublished\":\"2019-05-20T06:26:48+00:00\",\"dateModified\":\"2019-05-20T06:26:48+00:00\",\"breadcrumb\":{\"@id\":\"https:\/\/goldencarveiculos.com.br\/index.php\/login-register\/#breadcrumb\"},\"inLanguage\":\"pt-BR\",\"potentialAction\":[{\"@type\":\"ReadAction\",\"target\":[\"https:\/\/goldencarveiculos.com.br\/index.php\/login-register\/\"]}]},{\"@type\":\"BreadcrumbList\",\"@id\":\"https:\/\/goldencarveiculos.com.br\/index.php\/login-register\/#breadcrumb\",\"itemListElement\":[{\"@type\":\"ListItem\",\"position\":1,\"name\":\"In\u00edcio\",\"item\":\"https:\/\/goldencarveiculos.com.br\/\"},{\"@type\":\"ListItem\",\"position\":2,\"name\":\"Login\/Register\"}]},{\"@type\":\"WebSite\",\"@id\":\"https:\/\/goldencarveiculos.com.br\/#website\",\"url\":\"https:\/\/goldencarveiculos.com.br\/\",\"name\":\"GOLDENCAR VE\u00cdCULOS\",\"description\":\"SEU NOVO VE\u00cdCULO EST\u00c1 AQUI!\",\"potentialAction\":[{\"@type\":\"SearchAction\",\"target\":{\"@type\":\"EntryPoint\",\"urlTemplate\":\"https:\/\/goldencarveiculos.com.br\/?s={search_term_string}\"},\"query-input\":\"required name=search_term_string\"}],\"inLanguage\":\"pt-BR\"}]}<\/script>\n<!-- \/ Yoast SEO plugin. -->","yoast_head_json":{"title":"Login\/Register - GOLDENCAR VE\u00cdCULOS","robots":{"index":"index","follow":"follow","max-snippet":"max-snippet:-1","max-image-preview":"max-image-preview:large","max-video-preview":"max-video-preview:-1"},"canonical":"https:\/\/goldencarveiculos.com.br\/index.php\/login-register\/","og_locale":"pt_BR","og_type":"article","og_title":"Login\/Register - GOLDENCAR VE\u00cdCULOS","og_description":"[vc_row][vc_column][stm_login_register][\/vc_column][\/vc_row]","og_url":"https:\/\/goldencarveiculos.com.br\/index.php\/login-register\/","og_site_name":"GOLDENCAR VE\u00cdCULOS","twitter_card":"summary_large_image","schema":{"@context":"https:\/\/schema.org","@graph":[{"@type":"WebPage","@id":"https:\/\/goldencarveiculos.com.br\/index.php\/login-register\/","url":"https:\/\/goldencarveiculos.com.br\/index.php\/login-register\/","name":"Login\/Register - GOLDENCAR VE\u00cdCULOS","isPartOf":{"@id":"https:\/\/goldencarveiculos.com.br\/#website"},"datePublished":"2019-05-20T06:26:48+00:00","dateModified":"2019-05-20T06:26:48+00:00","breadcrumb":{"@id":"https:\/\/goldencarveiculos.com.br\/index.php\/login-register\/#breadcrumb"},"inLanguage":"pt-BR","potentialAction":[{"@type":"ReadAction","target":["https:\/\/goldencarveiculos.com.br\/index.php\/login-register\/"]}]},{"@type":"BreadcrumbList","@id":"https:\/\/goldencarveiculos.com.br\/index.php\/login-register\/#breadcrumb","itemListElement":[{"@type":"ListItem","position":1,"name":"In\u00edcio","item":"https:\/\/goldencarveiculos.com.br\/"},{"@type":"ListItem","position":2,"name":"Login\/Register"}]},{"@type":"WebSite","@id":"https:\/\/goldencarveiculos.com.br\/#website","url":"https:\/\/goldencarveiculos.com.br\/","name":"GOLDENCAR VE\u00cdCULOS","description":"SEU NOVO VE\u00cdCULO EST\u00c1 AQUI!","potentialAction":[{"@type":"SearchAction","target":{"@type":"EntryPoint","urlTemplate":"https:\/\/goldencarveiculos.com.br\/?s={search_term_string}"},"query-input":"required name=search_term_string"}],"inLanguage":"pt-BR"}]}},"_links":{"self":[{"href":"https:\/\/goldencarveiculos.com.br\/index.php\/wp-json\/wp\/v2\/pages\/2601"}],"collection":[{"href":"https:\/\/goldencarveiculos.com.br\/index.php\/wp-json\/wp\/v2\/pages"}],"about":[{"href":"https:\/\/goldencarveiculos.com.br\/index.php\/wp-json\/wp\/v2\/types\/page"}],"author":[{"embeddable":true,"href":"https:\/\/goldencarveiculos.com.br\/index.php\/wp-json\/wp\/v2\/users\/1"}],"replies":[{"embeddable":true,"href":"https:\/\/goldencarveiculos.com.br\/index.php\/wp-json\/wp\/v2\/comments?post=2601"}],"version-history":[{"count":0,"href":"https:\/\/goldencarveiculos.com.br\/index.php\/wp-json\/wp\/v2\/pages\/2601\/revisions"}],"wp:attachment":[{"href":"https:\/\/goldencarveiculos.com.br\/index.php\/wp-json\/wp\/v2\/media?parent=2601"}],"curies":[{"name":"wp","href":"https:\/\/api.w.org\/{rel}","templated":true}]}}